{"id":81,"date":"2015-11-17T20:15:56","date_gmt":"2015-11-17T20:15:56","guid":{"rendered":"http:\/\/localhost:8888\/flatsome-next\/?page_id=3031"},"modified":"2026-03-12T08:08:13","modified_gmt":"2026-03-12T14:08:13","slug":"contacto","status":"publish","type":"page","link":"https:\/\/hotelpacificparadise.com.sv\/?page_id=81","title":{"rendered":"Contacto"},"content":{"rendered":"\n\n\t<section class=\"section\" id=\"section_1671839627\">\n\t\t<div class=\"section-bg fill\" >\n\t\t\t\t\t\t\t\t\t\n\t\t\t\n\n\t\t<\/div>\n\n\t\t\n\n\t\t<div class=\"section-content relative\">\n\t\t\t\n\n<div class=\"row align-center\"  id=\"row-1404473568\">\n\n\n\t<div id=\"col-1973552545\" class=\"col medium-8 small-11 large-7\"  >\n\t\t\t\t<div class=\"col-inner text-center\"  >\n\t\t\t\n\t\t\t\n\n\t<div id=\"text-1676849817\" class=\"text\">\n\t\t\n\n<h2 style=\"font-size: 200%;\">\u00a1Vis\u00edtanos!<\/h2>\n<p>Dos para\u00edsos, tu decides<\/p>\n\t\t\n<style>\n#text-1676849817 {\n  text-align: center;\n  color: #21204f;\n}\n#text-1676849817 > * {\n  color: #21204f;\n}\n<\/style>\n\t<\/div>\n\t\n\n\t\t<\/div>\n\t\t\t\t\t<\/div>\n\n\t\n\n<\/div>\n\n\t\t<\/div>\n\n\t\t\n<style>\n#section_1671839627 {\n  padding-top: 100px;\n  padding-bottom: 100px;\n  background-color: rgb(255,255,255);\n}\n<\/style>\n\t<\/section>\n\t\n<div class=\"row align-center\"  id=\"row-1552672095\">\n\n\n\t<div id=\"col-1643393831\" class=\"col medium-11 small-12 large-11\"  >\n\t\t\t\t<div class=\"col-inner\"  >\n\t\t\t\n\t\t\t\n\n<div class=\"row\"  id=\"row-1739049699\">\n\n\n\t<div id=\"col-1731252798\" class=\"col medium-6 small-12 large-6\"  >\n\t\t\t\t<div class=\"col-inner\"  >\n\t\t\t\n\t\t\t\n\n\t<div class=\"box has-hover   has-hover box-text-bottom\" >\n\n\t\t<div class=\"box-image\" >\n\t\t\t\t\t\t<div class=\"image-cover\" style=\"padding-top:70%;\">\n\t\t\t\t<img fetchpriority=\"high\" decoding=\"async\" width=\"711\" height=\"400\" src=\"https:\/\/hotelpacificparadise.com.sv\/wp-content\/uploads\/2025\/08\/hotel-pacific-paradise-costa-del-sol-fotos-11-711x400.jpg\" class=\"attachment-medium size-medium\" alt=\"\" srcset=\"https:\/\/hotelpacificparadise.com.sv\/wp-content\/uploads\/2025\/08\/hotel-pacific-paradise-costa-del-sol-fotos-11-711x400.jpg 711w, https:\/\/hotelpacificparadise.com.sv\/wp-content\/uploads\/2025\/08\/hotel-pacific-paradise-costa-del-sol-fotos-11-1400x788.jpg 1400w, https:\/\/hotelpacificparadise.com.sv\/wp-content\/uploads\/2025\/08\/hotel-pacific-paradise-costa-del-sol-fotos-11-768x432.jpg 768w, https:\/\/hotelpacificparadise.com.sv\/wp-content\/uploads\/2025\/08\/hotel-pacific-paradise-costa-del-sol-fotos-11-1536x864.jpg 1536w, https:\/\/hotelpacificparadise.com.sv\/wp-content\/uploads\/2025\/08\/hotel-pacific-paradise-costa-del-sol-fotos-11-2048x1152.jpg 2048w, https:\/\/hotelpacificparadise.com.sv\/wp-content\/uploads\/2025\/08\/hotel-pacific-paradise-costa-del-sol-fotos-11-600x338.jpg 600w, https:\/\/hotelpacificparadise.com.sv\/wp-content\/uploads\/2025\/08\/hotel-pacific-paradise-costa-del-sol-fotos-11-510x287.jpg 510w\" sizes=\"(max-width: 711px) 100vw, 711px\" \/>\t\t\t\t\t\t\t\t\t\t\t<\/div>\n\t\t\t\t\t<\/div>\n\n\t\t<div class=\"box-text text-center\" style=\"padding:20px 0px 0px 0px;\">\n\t\t\t<div class=\"box-text-inner\">\n\t\t\t\t\n\n<h6>PACIFIC PARADISE<\/h6>\n\t<div id=\"text-2341294099\" class=\"text\">\n\t\t\n\n<h3>Costa del Sol<\/h3>\n\t\t\n<style>\n#text-2341294099 {\n  font-size: 1.25rem;\n  line-height: 1;\n}\n<\/style>\n\t<\/div>\n\t\n<p>Bulevar Costa del Sol, Km. 75, San Luis Herradura<\/p>\n<p>CELULAR: 7747-7302, 2347-3900.<\/p>\n<a href=\"https:\/\/maps.app.goo.gl\/CFr9JGtWZHa11tRSA\" target=\"_blank\" class=\"button primary is-outline\" rel=\"noopener\"  style=\"border-radius:10px;\">\n\t\t<span>Ubicaci\u00f3n<\/span>\n\t<\/a>\n\n\n\t<div id=\"gap-814472796\" class=\"gap-element clearfix\" style=\"display:block; height:auto;\">\n\t\t\n<style>\n#gap-814472796 {\n  padding-top: 20px;\n}\n<\/style>\n\t<\/div>\n\t\n\n\n\n<iframe src=\"https:\/\/www.google.com\/maps\/embed?pb=!1m14!1m12!1m3!1d666.8500742467583!2d-88.90347160770136!3d13.29982459457371!2m3!1f0!2f0!3f0!3m2!1i1024!2i768!4f13.1!5e1!3m2!1ses!2ssv!4v1773237040472!5m2!1ses!2ssv\" width=\"600\" height=\"450\" style=\"border:0;\" allowfullscreen=\"\" loading=\"lazy\" referrerpolicy=\"no-referrer-when-downgrade\"><\/iframe>\n\n\n\t\t\t<\/div>\n\t\t<\/div>\n\t<\/div>\n\t\n\n\t\t<\/div>\n\t\t\t\t\t<\/div>\n\n\t\n\n\t<div id=\"col-1943982259\" class=\"col medium-6 small-12 large-6\"  >\n\t\t\t\t<div class=\"col-inner\"  >\n\t\t\t\n\t\t\t\n\n\t<div class=\"box has-hover   has-hover box-text-bottom\" >\n\n\t\t<div class=\"box-image\" >\n\t\t\t\t\t\t<div class=\"image-cover\" style=\"padding-top:70%;\">\n\t\t\t\t<img decoding=\"async\" width=\"711\" height=\"400\" src=\"https:\/\/hotelpacificparadise.com.sv\/wp-content\/uploads\/2025\/08\/CUCO-NUEVAS-3-711x400.webp\" class=\"attachment-medium size-medium\" alt=\"\" srcset=\"https:\/\/hotelpacificparadise.com.sv\/wp-content\/uploads\/2025\/08\/CUCO-NUEVAS-3-711x400.webp 711w, https:\/\/hotelpacificparadise.com.sv\/wp-content\/uploads\/2025\/08\/CUCO-NUEVAS-3-1400x788.webp 1400w, https:\/\/hotelpacificparadise.com.sv\/wp-content\/uploads\/2025\/08\/CUCO-NUEVAS-3-768x432.webp 768w, https:\/\/hotelpacificparadise.com.sv\/wp-content\/uploads\/2025\/08\/CUCO-NUEVAS-3-1536x864.webp 1536w, https:\/\/hotelpacificparadise.com.sv\/wp-content\/uploads\/2025\/08\/CUCO-NUEVAS-3-600x338.webp 600w, https:\/\/hotelpacificparadise.com.sv\/wp-content\/uploads\/2025\/08\/CUCO-NUEVAS-3-510x287.webp 510w, https:\/\/hotelpacificparadise.com.sv\/wp-content\/uploads\/2025\/08\/CUCO-NUEVAS-3.webp 1600w\" sizes=\"(max-width: 711px) 100vw, 711px\" \/>\t\t\t\t\t\t\t\t\t\t\t<\/div>\n\t\t\t\t\t<\/div>\n\n\t\t<div class=\"box-text text-center\" style=\"padding:20px 0px 0px 0px;\">\n\t\t\t<div class=\"box-text-inner\">\n\t\t\t\t\n\n<h6>PACIFIC PARADISE<\/h6>\n\t<div id=\"text-4001369604\" class=\"text\">\n\t\t\n\n<h3>El Cuco<\/h3>\n\t\t\n<style>\n#text-4001369604 {\n  font-size: 1.25rem;\n  line-height: 1;\n}\n<\/style>\n\t<\/div>\n\t\n<p>Cant\u00f3n Carao, municipio de Intipuc\u00e1, La Uni\u00f3n.<\/p>\n<p>CELULAR: 7745-0047<\/p>\n\t<div id=\"gap-2042471765\" class=\"gap-element clearfix\" style=\"display:block; height:auto;\">\n\t\t\n<style>\n#gap-2042471765 {\n  padding-top: 20px;\n}\n<\/style>\n\t<\/div>\n\t\n\n<a href=\"https:\/\/maps.app.goo.gl\/womNHirwFMHAz7Sd6\" target=\"_blank\" class=\"button primary is-outline\" rel=\"noopener\"  style=\"border-radius:10px;\">\n\t\t<span>Ubicaci\u00f3n<\/span>\n\t<\/a>\n\n\n\n\t\t\t<\/div>\n\t\t<\/div>\n\t<\/div>\n\t\n\n\n<iframe src=\"https:\/\/www.google.com\/maps\/embed?pb=!1m14!1m8!1m3!1d3884.8703889123494!2d-88.0744724!3d13.1705711!3m2!1i1024!2i768!4f13.1!3m3!1m2!1s0x8f7add882fb7f117%3A0x831e9bbf69232a6e!2sHotel%20Pacific%20Paradise%20El%20Cuco!5e0!3m2!1ses!2ssv!4v1755034405106!5m2!1ses!2ssv\" width=\"600\" height=\"450\" style=\"border:0;\" allowfullscreen=\"\" loading=\"lazy\" referrerpolicy=\"no-referrer-when-downgrade\"><\/iframe>\n\n\n\t\t<\/div>\n\t\t\t\t\t<\/div>\n\n\t\n\n<\/div>\n\n\t\t<\/div>\n\t\t\t\t\n<style>\n#col-1643393831 > .col-inner {\n  margin: -150px 0px 0px 0px;\n}\n<\/style>\n\t<\/div>\n\n\t\n\n\t<div id=\"col-2023927247\" class=\"col medium-8 small-12 large-8\"  >\n\t\t\t\t<div class=\"col-inner\"  >\n\t\t\t\n\t\t\t\n\n\n\t\t<\/div>\n\t\t\t\t\t<\/div>\n\n\t\n\n<\/div>\n\n","protected":false},"excerpt":{"rendered":"","protected":false},"author":2,"featured_media":0,"parent":0,"menu_order":0,"comment_status":"closed","ping_status":"closed","template":"page-blank.php","meta":{"_joinchat":[],"footnotes":""},"class_list":["post-81","page","type-page","status-publish","hentry"],"yoast_head":"<!-- This site is optimized with the Yoast SEO plugin v23.9 - https:\/\/yoast.com\/wordpress\/plugins\/seo\/ -->\n<title>Contacto - Hotel Pacific Paradise<\/title>\n<meta name=\"robots\" content=\"index, follow, max-snippet:-1, max-image-preview:large, max-video-preview:-1\" \/>\n<link rel=\"canonical\" href=\"https:\/\/hotelpacificparadise.com.sv\/?page_id=81\" \/>\n<meta property=\"og:locale\" content=\"es_ES\" \/>\n<meta property=\"og:type\" content=\"article\" \/>\n<meta property=\"og:title\" content=\"Contacto - Hotel Pacific Paradise\" \/>\n<meta property=\"og:url\" content=\"https:\/\/hotelpacificparadise.com.sv\/?page_id=81\" \/>\n<meta property=\"og:site_name\" content=\"Hotel Pacific Paradise\" \/>\n<meta property=\"article:publisher\" content=\"https:\/\/www.facebook.com\/PacificElCuco?mibextid=ZbWKwL\" \/>\n<meta property=\"article:modified_time\" content=\"2026-03-12T14:08:13+00:00\" \/>\n<meta name=\"twitter:card\" content=\"summary_large_image\" \/>\n<meta name=\"twitter:label1\" content=\"Tiempo de lectura\" \/>\n\t<meta name=\"twitter:data1\" content=\"1 minuto\" \/>\n<script type=\"application\/ld+json\" class=\"yoast-schema-graph\">{\"@context\":\"https:\/\/schema.org\",\"@graph\":[{\"@type\":\"WebPage\",\"@id\":\"https:\/\/hotelpacificparadise.com.sv\/?page_id=81\",\"url\":\"https:\/\/hotelpacificparadise.com.sv\/?page_id=81\",\"name\":\"Contacto - Hotel Pacific Paradise\",\"isPartOf\":{\"@id\":\"https:\/\/hotelpacificparadise.com.sv\/#website\"},\"datePublished\":\"2015-11-17T20:15:56+00:00\",\"dateModified\":\"2026-03-12T14:08:13+00:00\",\"breadcrumb\":{\"@id\":\"https:\/\/hotelpacificparadise.com.sv\/?page_id=81#breadcrumb\"},\"inLanguage\":\"es\",\"potentialAction\":[{\"@type\":\"ReadAction\",\"target\":[\"https:\/\/hotelpacificparadise.com.sv\/?page_id=81\"]}]},{\"@type\":\"BreadcrumbList\",\"@id\":\"https:\/\/hotelpacificparadise.com.sv\/?page_id=81#breadcrumb\",\"itemListElement\":[{\"@type\":\"ListItem\",\"position\":1,\"name\":\"Portada\",\"item\":\"https:\/\/hotelpacificparadise.com.sv\/\"},{\"@type\":\"ListItem\",\"position\":2,\"name\":\"Contacto\"}]},{\"@type\":\"WebSite\",\"@id\":\"https:\/\/hotelpacificparadise.com.sv\/#website\",\"url\":\"https:\/\/hotelpacificparadise.com.sv\/\",\"name\":\"hotelpacificparadise\",\"description\":\"\",\"publisher\":{\"@id\":\"https:\/\/hotelpacificparadise.com.sv\/#organization\"},\"potentialAction\":[{\"@type\":\"SearchAction\",\"target\":{\"@type\":\"EntryPoint\",\"urlTemplate\":\"https:\/\/hotelpacificparadise.com.sv\/?s={search_term_string}\"},\"query-input\":{\"@type\":\"PropertyValueSpecification\",\"valueRequired\":true,\"valueName\":\"search_term_string\"}}],\"inLanguage\":\"es\"},{\"@type\":\"Organization\",\"@id\":\"https:\/\/hotelpacificparadise.com.sv\/#organization\",\"name\":\"Hotel Pacific Paradise\",\"url\":\"https:\/\/hotelpacificparadise.com.sv\/\",\"logo\":{\"@type\":\"ImageObject\",\"inLanguage\":\"es\",\"@id\":\"https:\/\/hotelpacificparadise.com.sv\/#\/schema\/logo\/image\/\",\"url\":\"https:\/\/hotelpacificparadise.com.sv\/wp-content\/uploads\/2024\/11\/PP-WEB.png\",\"contentUrl\":\"https:\/\/hotelpacificparadise.com.sv\/wp-content\/uploads\/2024\/11\/PP-WEB.png\",\"width\":958,\"height\":426,\"caption\":\"Hotel Pacific Paradise\"},\"image\":{\"@id\":\"https:\/\/hotelpacificparadise.com.sv\/#\/schema\/logo\/image\/\"},\"sameAs\":[\"https:\/\/www.facebook.com\/PacificElCuco?mibextid=ZbWKwL\",\"https:\/\/www.instagram.com\/pacificparadise_\/?igsh=MTZqNGJwMHJiN2llaw\"]}]}<\/script>\n<!-- \/ Yoast SEO plugin. -->","yoast_head_json":{"title":"Contacto - Hotel Pacific Paradise","robots":{"index":"index","follow":"follow","max-snippet":"max-snippet:-1","max-image-preview":"max-image-preview:large","max-video-preview":"max-video-preview:-1"},"canonical":"https:\/\/hotelpacificparadise.com.sv\/?page_id=81","og_locale":"es_ES","og_type":"article","og_title":"Contacto - Hotel Pacific Paradise","og_url":"https:\/\/hotelpacificparadise.com.sv\/?page_id=81","og_site_name":"Hotel Pacific Paradise","article_publisher":"https:\/\/www.facebook.com\/PacificElCuco?mibextid=ZbWKwL","article_modified_time":"2026-03-12T14:08:13+00:00","twitter_card":"summary_large_image","twitter_misc":{"Tiempo de lectura":"1 minuto"},"schema":{"@context":"https:\/\/schema.org","@graph":[{"@type":"WebPage","@id":"https:\/\/hotelpacificparadise.com.sv\/?page_id=81","url":"https:\/\/hotelpacificparadise.com.sv\/?page_id=81","name":"Contacto - Hotel Pacific Paradise","isPartOf":{"@id":"https:\/\/hotelpacificparadise.com.sv\/#website"},"datePublished":"2015-11-17T20:15:56+00:00","dateModified":"2026-03-12T14:08:13+00:00","breadcrumb":{"@id":"https:\/\/hotelpacificparadise.com.sv\/?page_id=81#breadcrumb"},"inLanguage":"es","potentialAction":[{"@type":"ReadAction","target":["https:\/\/hotelpacificparadise.com.sv\/?page_id=81"]}]},{"@type":"BreadcrumbList","@id":"https:\/\/hotelpacificparadise.com.sv\/?page_id=81#breadcrumb","itemListElement":[{"@type":"ListItem","position":1,"name":"Portada","item":"https:\/\/hotelpacificparadise.com.sv\/"},{"@type":"ListItem","position":2,"name":"Contacto"}]},{"@type":"WebSite","@id":"https:\/\/hotelpacificparadise.com.sv\/#website","url":"https:\/\/hotelpacificparadise.com.sv\/","name":"hotelpacificparadise","description":"","publisher":{"@id":"https:\/\/hotelpacificparadise.com.sv\/#organization"},"potentialAction":[{"@type":"SearchAction","target":{"@type":"EntryPoint","urlTemplate":"https:\/\/hotelpacificparadise.com.sv\/?s={search_term_string}"},"query-input":{"@type":"PropertyValueSpecification","valueRequired":true,"valueName":"search_term_string"}}],"inLanguage":"es"},{"@type":"Organization","@id":"https:\/\/hotelpacificparadise.com.sv\/#organization","name":"Hotel Pacific Paradise","url":"https:\/\/hotelpacificparadise.com.sv\/","logo":{"@type":"ImageObject","inLanguage":"es","@id":"https:\/\/hotelpacificparadise.com.sv\/#\/schema\/logo\/image\/","url":"https:\/\/hotelpacificparadise.com.sv\/wp-content\/uploads\/2024\/11\/PP-WEB.png","contentUrl":"https:\/\/hotelpacificparadise.com.sv\/wp-content\/uploads\/2024\/11\/PP-WEB.png","width":958,"height":426,"caption":"Hotel Pacific Paradise"},"image":{"@id":"https:\/\/hotelpacificparadise.com.sv\/#\/schema\/logo\/image\/"},"sameAs":["https:\/\/www.facebook.com\/PacificElCuco?mibextid=ZbWKwL","https:\/\/www.instagram.com\/pacificparadise_\/?igsh=MTZqNGJwMHJiN2llaw"]}]}},"_links":{"self":[{"href":"https:\/\/hotelpacificparadise.com.sv\/index.php?rest_route=\/wp\/v2\/pages\/81","targetHints":{"allow":["GET"]}}],"collection":[{"href":"https:\/\/hotelpacificparadise.com.sv\/index.php?rest_route=\/wp\/v2\/pages"}],"about":[{"href":"https:\/\/hotelpacificparadise.com.sv\/index.php?rest_route=\/wp\/v2\/types\/page"}],"author":[{"embeddable":true,"href":"https:\/\/hotelpacificparadise.com.sv\/index.php?rest_route=\/wp\/v2\/users\/2"}],"replies":[{"embeddable":true,"href":"https:\/\/hotelpacificparadise.com.sv\/index.php?rest_route=%2Fwp%2Fv2%2Fcomments&post=81"}],"version-history":[{"count":12,"href":"https:\/\/hotelpacificparadise.com.sv\/index.php?rest_route=\/wp\/v2\/pages\/81\/revisions"}],"predecessor-version":[{"id":1529,"href":"https:\/\/hotelpacificparadise.com.sv\/index.php?rest_route=\/wp\/v2\/pages\/81\/revisions\/1529"}],"wp:attachment":[{"href":"https:\/\/hotelpacificparadise.com.sv\/index.php?rest_route=%2Fwp%2Fv2%2Fmedia&parent=81"}],"curies":[{"name":"wp","href":"https:\/\/api.w.org\/{rel}","templated":true}]}}